{"id":4121,"date":"2025-05-13T17:46:48","date_gmt":"2025-05-13T17:46:48","guid":{"rendered":"https:\/\/plaza-limousines.com\/en\/?page_id=4121"},"modified":"2025-05-13T17:46:49","modified_gmt":"2025-05-13T17:46:49","slug":"politique-de-confidentialite","status":"publish","type":"page","link":"https:\/\/plaza-limousines.com\/en\/politique-de-confidentialite\/","title":{"rendered":"Politique de confidentialit\u00e9"},"content":{"rendered":"\n<p><\/p>\n\n\n\n<p><\/p>\n\n\n\n<p>Chez Plaza Limousine, nous accordons une grande importance \u00e0 la protection de vos donn\u00e9es personnelles. Cette politique de confidentialit\u00e9 explique quelles informations nous collectons, comment nous les utilisons et les droits dont vous disposez.<\/p>\n\n\n\n<ol class=\"wp-block-list\">\n<li>Donn\u00e9es collect\u00e9es<br>Lorsque vous utilisez notre site ou nos services, nous pouvons collecter les informations suivantes :<\/li>\n<\/ol>\n\n\n\n<p>Nom, pr\u00e9nom<\/p>\n\n\n\n<p>Adresse email, num\u00e9ro de t\u00e9l\u00e9phone<\/p>\n\n\n\n<p>Informations de r\u00e9servation (trajet, date, heure, lieu de prise en charge)<\/p>\n\n\n\n<p>Donn\u00e9es de navigation (via cookies, \u00e0 des fins statistiques et de s\u00e9curit\u00e9)<\/p>\n\n\n\n<ol start=\"2\" class=\"wp-block-list\">\n<li>Finalit\u00e9 de la collecte<br>Les donn\u00e9es sont collect\u00e9es pour les finalit\u00e9s suivantes :<\/li>\n<\/ol>\n\n\n\n<p>Gestion des r\u00e9servations et des services clients<\/p>\n\n\n\n<p>Communication avec les clients (confirmation, modification ou annulation)<\/p>\n\n\n\n<p>Am\u00e9lioration de l\u2019exp\u00e9rience utilisateur sur notre site<\/p>\n\n\n\n<p>Respect de nos obligations l\u00e9gales (comptabilit\u00e9, s\u00e9curit\u00e9)<\/p>\n\n\n\n<ol start=\"3\" class=\"wp-block-list\">\n<li>Partage des donn\u00e9es<br>Vos donn\u00e9es ne sont jamais vendues ni lou\u00e9es. Elles peuvent \u00eatre partag\u00e9es uniquement avec :<\/li>\n<\/ol>\n\n\n\n<p>Nos chauffeurs ou partenaires de confiance, dans le cadre de l\u2019ex\u00e9cution du service<\/p>\n\n\n\n<p>Les autorit\u00e9s comp\u00e9tentes en cas d\u2019obligation l\u00e9gale<\/p>\n\n\n\n<ol start=\"4\" class=\"wp-block-list\">\n<li>Conservation des donn\u00e9es<br>Les donn\u00e9es sont conserv\u00e9es uniquement pendant la dur\u00e9e n\u00e9cessaire \u00e0 leur traitement :<\/li>\n<\/ol>\n\n\n\n<p>Donn\u00e9es de r\u00e9servation : 3 ans maximum<\/p>\n\n\n\n<p>Donn\u00e9es comptables : 10 ans (obligation l\u00e9gale)<\/p>\n\n\n\n<p>Cookies : 13 mois maximum<\/p>\n\n\n\n<ol start=\"5\" class=\"wp-block-list\">\n<li>S\u00e9curit\u00e9<br>Nous mettons en \u0153uvre des mesures techniques et organisationnelles pour assurer la s\u00e9curit\u00e9 de vos donn\u00e9es contre toute perte, acc\u00e8s non autoris\u00e9 ou divulgation.<\/li>\n\n\n\n<li>Vos droits<br>Conform\u00e9ment \u00e0 la loi Informatique et Libert\u00e9s et au RGPD, vous disposez de droits :<\/li>\n<\/ol>\n\n\n\n<p>Droit d\u2019acc\u00e8s, de rectification, d\u2019opposition, d\u2019effacement<\/p>\n\n\n\n<p>Droit \u00e0 la portabilit\u00e9<\/p>\n\n\n\n<p>Droit de retirer votre consentement \u00e0 tout moment<\/p>\n\n\n\n<p>Pour exercer vos droits, contactez-nous \u00e0 :<br>Email : [votre email]<br>Adresse : 455 Promenade des Anglais, 06200 Nice, France<\/p>\n\n\n\n<ol start=\"7\" class=\"wp-block-list\">\n<li>Cookies<br>Le site utilise des cookies pour am\u00e9liorer votre navigation. Vous pouvez les accepter ou les refuser via le bandeau pr\u00e9vu \u00e0 cet effet lors de votre visite.<\/li>\n<\/ol>\n","protected":false},"excerpt":{"rendered":"<p>Chez Plaza Limousine, nous accordons une grande importance \u00e0 la protection de vos donn\u00e9es personnelles. Cette politique de confidentialit\u00e9 explique quelles informations nous collectons, comment nous les utilisons et les droits dont vous disposez. Nom, pr\u00e9nom Adresse email, num\u00e9ro de t\u00e9l\u00e9phone Informations de r\u00e9servation (trajet, date, heure, lieu de prise en charge) Donn\u00e9es de navigation [&hellip;]<\/p>\n","protected":false},"author":1,"featured_media":0,"parent":0,"menu_order":0,"comment_status":"closed","ping_status":"closed","template":"","meta":{"footnotes":""},"class_list":["post-4121","page","type-page","status-publish","hentry"],"_links":{"self":[{"href":"https:\/\/plaza-limousines.com\/en\/wp-json\/wp\/v2\/pages\/4121","targetHints":{"allow":["GET"]}}],"collection":[{"href":"https:\/\/plaza-limousines.com\/en\/wp-json\/wp\/v2\/pages"}],"about":[{"href":"https:\/\/plaza-limousines.com\/en\/wp-json\/wp\/v2\/types\/page"}],"author":[{"embeddable":true,"href":"https:\/\/plaza-limousines.com\/en\/wp-json\/wp\/v2\/users\/1"}],"replies":[{"embeddable":true,"href":"https:\/\/plaza-limousines.com\/en\/wp-json\/wp\/v2\/comments?post=4121"}],"version-history":[{"count":1,"href":"https:\/\/plaza-limousines.com\/en\/wp-json\/wp\/v2\/pages\/4121\/revisions"}],"predecessor-version":[{"id":4122,"href":"https:\/\/plaza-limousines.com\/en\/wp-json\/wp\/v2\/pages\/4121\/revisions\/4122"}],"wp:attachment":[{"href":"https:\/\/plaza-limousines.com\/en\/wp-json\/wp\/v2\/media?parent=4121"}],"curies":[{"name":"wp","href":"https:\/\/api.w.org\/{rel}","templated":true}]}}